{"id":6497,"date":"2024-10-29T16:27:26","date_gmt":"2024-10-29T13:27:26","guid":{"rendered":"https:\/\/baghdad-academy.com\/?page_id=6497"},"modified":"2024-10-29T16:33:36","modified_gmt":"2024-10-29T13:33:36","slug":"dogru-inancin-aciklamasi-ve-onunla-celisen-seyler","status":"publish","type":"page","link":"https:\/\/baghdad-academy.com\/?page_id=6497&lang=tr","title":{"rendered":"Do\u011fru inanc\u0131n a\u00e7\u0131klamas\u0131 ve onunla \u00e7eli\u015fen \u015feyler"},"content":{"rendered":"\n<p dir=\"ltr\" style=\"text-align:justify\"><span style=\"font-size:36px\"><strong>Do\u011fru inanc\u0131n a&ccedil;\u0131klamas\u0131 ve onunla &ccedil;eli\u015fen \u015feyler<\/strong><\/span><\/p>\n\n<p style=\"text-align:center\"><span style=\"font-size:26px\"><strong><img decoding=\"async\" alt=\"\" src=\"https:\/\/lms1.baghdad-academy.com\/pluginfile.php\/41\/course\/overviewfiles\/200020001.jpg\" style=\"height:480px; width:640px\" \/><\/strong><\/span><\/p>\n\n<p><span dir=\"ltr\" style=\"text-align:justify; font-size:22px\"><strong>Kitap [Kur&#39;an] ve S&uuml;nnet&#39;ten gelen hukuki delillerden, eylemlerin ve s&ouml;zlerin ancak do\u011fru bir inan&ccedil;tan kaynakland\u0131\u011f\u0131 takdirde ge&ccedil;erli ve kabul edilebilir oldu\u011fu ve do\u011fru inanc\u0131n \u0130slam dininin k&ouml;keni ve dinin temeli oldu\u011fu bilinmektedir. E\u011fer inan&ccedil; yanl\u0131\u015fsa, ondan &ccedil;\u0131kan eylemler ve s&ouml;zler ge&ccedil;ersizdir.<br \/>\nBu, \u015eeyh Said bin Ali bin Vehf el-Kahtani Hazretleri&#39;nin, Allah ona rahmet etsin, inan&ccedil; &uuml;zerine k\u0131sa bir risaleyi a&ccedil;\u0131klad\u0131\u011f\u0131 ve yorumlad\u0131\u011f\u0131 de\u011ferli bir konferanst\u0131r: [Do\u011fru \u0130nan&ccedil; ve Onunla &Ccedil;eli\u015fen \u015eeyler; Alim \u015eeyh Abd&uuml;laziz bin Abdullah bin Baz Hazretleri, Allah ona rahmet etsin; ve bu risalenin kayna\u011f\u0131 \u015eeyh Abd&uuml;laziz bin Baz Hazretleri&#39;nin, Allah ona rahmet etsin, Ehl-i S&uuml;nnet ve Cemaat inanc\u0131n\u0131n ilkelerini k\u0131sa bir \u015fekilde a&ccedil;\u0131klad\u0131\u011f\u0131 bir konferanst\u0131r].<\/strong><\/span><\/p>\n\n<p><span dir=\"ltr\" style=\"text-align:justify;font-size:22px\"><strong>Sunan: \u015eeyh Said bin Ali bin Vehf El-Kahtani, Allah ona rahmet etsin; \u015eeyh Abd&uuml;laziz bin Baz, Allah ona rahmet etsin;<\/strong><\/span><br \/>\n<img decoding=\"async\" alt=\"\" src=\"https:\/\/lms1.baghdad-academy.com\/pluginfile.php\/39\/user\/icon\/moove\/f1?rev=3591\" style=\"height:100px; width:100px\" \/>&nbsp; &nbsp; &nbsp; &nbsp; &nbsp; &nbsp;&nbsp;<img decoding=\"async\" alt=\"\" src=\" https:\/\/lms1.baghdad-academy.com\/pluginfile.php\/40\/user\/icon\/moove\/f1?rev=3600\" style=\"height:100px; width:100px\" \/><\/p>\n\n<p>&nbsp;<\/p>\n\n<p><span style=\"font-size:22px\"><strong>Dil: Arap&ccedil;a.<\/strong><\/span><\/p>\n\n<p><span style=\"font-size:22px\"><strong>Ders: G&ouml;rsel, okunabilir, i\u015fitsel.<\/strong><\/span><\/p>\n\n<p style=\"text-align:center\"><a href=\"https:\/\/lms1.baghdad-academy.com\/course\/view.php?id=3\"><span style=\"font-size:22px\"><strong>https:\/\/lms1.baghdad-academy.com\/course\/view.php?id=3<\/strong><\/span><\/a><\/p>\n\n<p style=\"text-align:center\"><a href=\"http:\/\/https:\/\/lms2.baghdad-academy.com\/course\/view.php?id=3\"><span style=\"font-size:22px\"><strong>https:\/\/lms2.baghdad-academy.com\/course\/view.php?id=3<\/strong><\/span><\/a><\/p>\n\n<p dir=\"RTL\" style=\"text-align:justify\">&nbsp;<\/p>\n\n<p dir=\"RTL\" style=\"text-align:justify\">&nbsp;<\/p>\n","protected":false},"excerpt":{"rendered":"<div class=\"mh-excerpt\"><p>Do\u011fru inanc\u0131n a&ccedil;\u0131klamas\u0131 ve onunla &ccedil;eli\u015fen \u015feyler Kitap [Kur&#39;an] ve S&uuml;nnet&#39;ten gelen hukuki delillerden, eylemlerin ve s&ouml;zlerin ancak do\u011fru bir inan&ccedil;tan kaynakland\u0131\u011f\u0131 takdirde ge&ccedil;erli ve <a class=\"mh-excerpt-more\" href=\"https:\/\/baghdad-academy.com\/?page_id=6497&#038;lang=tr\" title=\"Do\u011fru inanc\u0131n a\u00e7\u0131klamas\u0131 ve onunla \u00e7eli\u015fen \u015feyler\">[&#8230;]<\/a><\/p>\n<\/div>","protected":false},"author":1,"featured_media":78,"parent":0,"menu_order":0,"comment_status":"closed","ping_status":"closed","template":"","meta":{"footnotes":""},"class_list":["post-6497","page","type-page","status-publish","has-post-thumbnail","hentry"],"_links":{"self":[{"href":"https:\/\/baghdad-academy.com\/index.php?rest_route=\/wp\/v2\/pages\/6497","targetHints":{"allow":["GET"]}}],"collection":[{"href":"https:\/\/baghdad-academy.com\/index.php?rest_route=\/wp\/v2\/pages"}],"about":[{"href":"https:\/\/baghdad-academy.com\/index.php?rest_route=\/wp\/v2\/types\/page"}],"author":[{"embeddable":true,"href":"https:\/\/baghdad-academy.com\/index.php?rest_route=\/wp\/v2\/users\/1"}],"replies":[{"embeddable":true,"href":"https:\/\/baghdad-academy.com\/index.php?rest_route=%2Fwp%2Fv2%2Fcomments&post=6497"}],"version-history":[{"count":3,"href":"https:\/\/baghdad-academy.com\/index.php?rest_route=\/wp\/v2\/pages\/6497\/revisions"}],"predecessor-version":[{"id":6504,"href":"https:\/\/baghdad-academy.com\/index.php?rest_route=\/wp\/v2\/pages\/6497\/revisions\/6504"}],"wp:featuredmedia":[{"embeddable":true,"href":"https:\/\/baghdad-academy.com\/index.php?rest_route=\/wp\/v2\/media\/78"}],"wp:attachment":[{"href":"https:\/\/baghdad-academy.com\/index.php?rest_route=%2Fwp%2Fv2%2Fmedia&parent=6497"}],"curies":[{"name":"wp","href":"https:\/\/api.w.org\/{rel}","templated":true}]}}