{"id":6462,"date":"2024-10-28T22:56:31","date_gmt":"2024-10-28T19:56:31","guid":{"rendered":"https:\/\/baghdad-academy.com\/?page_id=6462"},"modified":"2024-10-28T22:56:35","modified_gmt":"2024-10-28T19:56:35","slug":"bagdat-egitim-platformu-2","status":"publish","type":"page","link":"https:\/\/baghdad-academy.com\/?page_id=6462&lang=tr","title":{"rendered":"Ba\u011fdat E\u011fitim Platformu"},"content":{"rendered":"\n<p style=\"text-align:center\"><strong><img decoding=\"async\" alt=\"\" src=\"https:\/\/baghdad-academy.com\/wp-content\/uploads\/2020\/01\/baghdad-academy-20200107-logo-400.jpg\" style=\"height:300px; width:300px\" \/><\/strong><\/p>\n\n<p><strong>A&ccedil;\u0131k &ouml;\u011frenme ve e\u011fitim i&ccedil;in sanal e\u011fitim platformu; &ccedil;e\u015fitli alan ve uzmanl\u0131k alanlar\u0131nda belirli m&uuml;fredatlara g&ouml;re &uuml;cretsiz ders materyalleri sa\u011flar:<\/strong><\/p>\n\n<p><strong><img decoding=\"async\" alt=\"\" src=\"https:\/\/lms.mustansiriyah.net\/pluginfile.php\/1\/blog\/post\/1\/cover-course.png\" \/><\/strong><\/p>\n\n<p style=\"text-align:center\"><strong><a href=\"https:\/\/lms1.baghdad-academy.com\/course\">https:\/\/lms1.baghdad-academy.com\/course<\/a><\/strong><\/p>\n\n<p style=\"text-align:center\"><strong><a href=\"https:\/\/lms2.baghdad-academy.com\/course\">https:\/\/lms2.baghdad-academy.com\/course<\/a><\/strong><\/p>\n\n<p><strong>&nbsp;A&ccedil;\u0131k &ouml;\u011fretimin sa\u011flanmas\u0131nda (Kitlesel A&ccedil;\u0131k &Ccedil;evrimi&ccedil;i Dersler) sistemine dayanmaktad\u0131r.<\/strong><\/p>\n\n<p style=\"text-align:center\"><strong>( Massive Open Online Course )<\/strong><\/p>\n\n<p><strong>K\u0131salt\u0131lm\u0131\u015f hali:<\/strong><\/p>\n\n<p style=\"text-align:center\"><strong>MOOC<\/strong><\/p>\n\n<p><strong>&Ouml;\u011frencilerimize hemen kay\u0131t olun &hellip; &hellip;<\/strong><\/p>\n\n<p style=\"text-align:center\"><strong><img decoding=\"async\" alt=\"\" src=\"https:\/\/lms.mustansiriyah.net\/pluginfile.php\/1\/blog\/post\/1\/box-login-01.png\" \/><\/strong><\/p>\n\n<p style=\"text-align:center\"><strong><a href=\"https:\/\/lms1.baghdad-academy.com\/login\/index.php\">https:\/\/lms1.baghdad-academy.com\/login\/index.php<\/a><\/strong><\/p>\n\n<p style=\"text-align:center\"><strong><a href=\"https:\/\/lms2.baghdad-academy.com\/login\/index.php\">https:\/\/lms2.baghdad-academy.com\/login\/index.php<\/a><\/strong><\/p>\n\n<p><strong>Mevcut veya yeni uzmanl\u0131k alan\u0131n\u0131zdaki bilginizi geli\u015ftirin ve art\u0131r\u0131n.<\/strong><\/p>\n\n<p><strong>Kendinizi geli\u015ftirmenize ve yeni beceriler edinmenize yard\u0131mc\u0131 olan konular\u0131 inceleyin.<\/strong><\/p>\n\n<p><strong>\u0130lginizi \u00e7eken ve becerilerinizi geli\u015ftirmenize yard\u0131mc\u0131 olan belirli bir uzmanl\u0131k alan\u0131nda yeni bir \u015fey \u00f6\u011frenin.<\/strong><\/p>\n\n\n<p style=\"text-align:center\"><strong>FACEBOOK<\/strong><\/p>\n\n<p style=\"text-align:center\"><strong><a href=\"https:\/\/www.facebook.com\/baghdad.academy.lms\/\">https:\/\/www.facebook.com\/baghdad.academy.lms\/<\/a><\/strong><\/p>\n\n<p style=\"text-align:center\"><strong><a href=\"https:\/\/www.facebook.com\/groups\/baghdad.academy.lms\">https:\/\/www.facebook.com\/groups\/baghdad.academy.lms<\/a><\/strong><\/p>\n\n<p style=\"text-align:center\"><strong>TELEGRAM<\/strong><\/p>\n\n<p style=\"text-align:center\"><strong><a href=\"https:\/\/t.me\/baghdad_academy\">https:\/\/t.me\/baghdad_academy<\/a><\/strong><\/p>\n\n<p>&nbsp;<\/p>\n\n","protected":false},"excerpt":{"rendered":"<div class=\"mh-excerpt\"><p>A&ccedil;\u0131k &ouml;\u011frenme ve e\u011fitim i&ccedil;in sanal e\u011fitim platformu; &ccedil;e\u015fitli alan ve uzmanl\u0131k alanlar\u0131nda belirli m&uuml;fredatlara g&ouml;re &uuml;cretsiz ders materyalleri sa\u011flar: https:\/\/lms1.baghdad-academy.com\/course https:\/\/lms2.baghdad-academy.com\/course &nbsp;A&ccedil;\u0131k &ouml;\u011fretimin sa\u011flanmas\u0131nda <a class=\"mh-excerpt-more\" href=\"https:\/\/baghdad-academy.com\/?page_id=6462&#038;lang=tr\" title=\"Ba\u011fdat E\u011fitim Platformu\">[&#8230;]<\/a><\/p>\n<\/div>","protected":false},"author":1,"featured_media":27,"parent":0,"menu_order":0,"comment_status":"closed","ping_status":"closed","template":"","meta":{"footnotes":""},"class_list":["post-6462","page","type-page","status-publish","has-post-thumbnail","hentry"],"_links":{"self":[{"href":"https:\/\/baghdad-academy.com\/index.php?rest_route=\/wp\/v2\/pages\/6462","targetHints":{"allow":["GET"]}}],"collection":[{"href":"https:\/\/baghdad-academy.com\/index.php?rest_route=\/wp\/v2\/pages"}],"about":[{"href":"https:\/\/baghdad-academy.com\/index.php?rest_route=\/wp\/v2\/types\/page"}],"author":[{"embeddable":true,"href":"https:\/\/baghdad-academy.com\/index.php?rest_route=\/wp\/v2\/users\/1"}],"replies":[{"embeddable":true,"href":"https:\/\/baghdad-academy.com\/index.php?rest_route=%2Fwp%2Fv2%2Fcomments&post=6462"}],"version-history":[{"count":1,"href":"https:\/\/baghdad-academy.com\/index.php?rest_route=\/wp\/v2\/pages\/6462\/revisions"}],"predecessor-version":[{"id":6463,"href":"https:\/\/baghdad-academy.com\/index.php?rest_route=\/wp\/v2\/pages\/6462\/revisions\/6463"}],"wp:featuredmedia":[{"embeddable":true,"href":"https:\/\/baghdad-academy.com\/index.php?rest_route=\/wp\/v2\/media\/27"}],"wp:attachment":[{"href":"https:\/\/baghdad-academy.com\/index.php?rest_route=%2Fwp%2Fv2%2Fmedia&parent=6462"}],"curies":[{"name":"wp","href":"https:\/\/api.w.org\/{rel}","templated":true}]}}