{"id":6427,"date":"2024-10-26T14:36:20","date_gmt":"2024-10-26T11:36:20","guid":{"rendered":"https:\/\/baghdad-academy.com\/?page_id=6427"},"modified":"2024-10-29T16:36:52","modified_gmt":"2024-10-29T13:36:52","slug":"kurslar-ve-dersler","status":"publish","type":"page","link":"https:\/\/baghdad-academy.com\/?page_id=6427&lang=tr","title":{"rendered":"Kurslar ve dersler"},"content":{"rendered":"\n<figure class=\"wp-block-embed is-type-wp-embed\"><div class=\"wp-block-embed__wrapper\">\n<blockquote class=\"wp-embedded-content\" data-secret=\"ULZaLyQcXV\"><a href=\"https:\/\/baghdad-academy.com\/?page_id=6497&#038;lang=tr\">Do\u011fru inanc\u0131n a\u00e7\u0131klamas\u0131 ve onunla \u00e7eli\u015fen \u015feyler<\/a><\/blockquote><iframe loading=\"lazy\" class=\"wp-embedded-content\" sandbox=\"allow-scripts\" security=\"restricted\" style=\"position: absolute; clip: rect(1px, 1px, 1px, 1px);\" title=\"&#8220;Do\u011fru inanc\u0131n a\u00e7\u0131klamas\u0131 ve onunla \u00e7eli\u015fen \u015feyler&#8221; &#8212; \u0645\u064e\u0646\u064e\u0635\u0651\u064e\u0629\u064f \u0628\u064e\u063a\u0652\u062f\u064e\u0627\u062f\u064e \u0627\u0644\u062a\u064e\u0639\u0652\u0644\u0650\u064a\u0645\u064a\u0651\u064e\u0629\u0650\" src=\"https:\/\/baghdad-academy.com\/?page_id=6497&#038;lang=tr&#038;embed=true#?secret=WOzH8y1qtf#?secret=ULZaLyQcXV\" data-secret=\"ULZaLyQcXV\" width=\"500\" height=\"282\" frameborder=\"0\" marginwidth=\"0\" marginheight=\"0\" scrolling=\"no\"><\/iframe>\n<\/div><\/figure>\n","protected":false},"excerpt":{"rendered":"<div class=\"mh-excerpt\"><\/div>","protected":false},"author":1,"featured_media":6423,"parent":0,"menu_order":0,"comment_status":"closed","ping_status":"closed","template":"","meta":{"footnotes":""},"class_list":["post-6427","page","type-page","status-publish","has-post-thumbnail","hentry"],"_links":{"self":[{"href":"https:\/\/baghdad-academy.com\/index.php?rest_route=\/wp\/v2\/pages\/6427","targetHints":{"allow":["GET"]}}],"collection":[{"href":"https:\/\/baghdad-academy.com\/index.php?rest_route=\/wp\/v2\/pages"}],"about":[{"href":"https:\/\/baghdad-academy.com\/index.php?rest_route=\/wp\/v2\/types\/page"}],"author":[{"embeddable":true,"href":"https:\/\/baghdad-academy.com\/index.php?rest_route=\/wp\/v2\/users\/1"}],"replies":[{"embeddable":true,"href":"https:\/\/baghdad-academy.com\/index.php?rest_route=%2Fwp%2Fv2%2Fcomments&post=6427"}],"version-history":[{"count":2,"href":"https:\/\/baghdad-academy.com\/index.php?rest_route=\/wp\/v2\/pages\/6427\/revisions"}],"predecessor-version":[{"id":6507,"href":"https:\/\/baghdad-academy.com\/index.php?rest_route=\/wp\/v2\/pages\/6427\/revisions\/6507"}],"wp:featuredmedia":[{"embeddable":true,"href":"https:\/\/baghdad-academy.com\/index.php?rest_route=\/wp\/v2\/media\/6423"}],"wp:attachment":[{"href":"https:\/\/baghdad-academy.com\/index.php?rest_route=%2Fwp%2Fv2%2Fmedia&parent=6427"}],"curies":[{"name":"wp","href":"https:\/\/api.w.org\/{rel}","templated":true}]}}