{"id":6384,"date":"2024-10-25T22:43:29","date_gmt":"2024-10-25T19:43:29","guid":{"rendered":"https:\/\/baghdad-academy.com\/?page_id=6384"},"modified":"2024-10-28T23:10:14","modified_gmt":"2024-10-28T20:10:14","slug":"bagdat-egitim-platformu-hakkinda","status":"publish","type":"page","link":"https:\/\/baghdad-academy.com\/?page_id=6384&lang=tr","title":{"rendered":"Ba\u011fdat E\u011fitim Platformu Hakk\u0131nda"},"content":{"rendered":"\n<figure class=\"wp-block-embed is-type-wp-embed\"><div class=\"wp-block-embed__wrapper\">\n<blockquote class=\"wp-embedded-content\" data-secret=\"jfQcmFzUJJ\"><a href=\"https:\/\/baghdad-academy.com\/?page_id=6462&#038;lang=tr\">Ba\u011fdat E\u011fitim Platformu<\/a><\/blockquote><iframe loading=\"lazy\" class=\"wp-embedded-content\" sandbox=\"allow-scripts\" security=\"restricted\" style=\"position: absolute; clip: rect(1px, 1px, 1px, 1px);\" title=\"&#8220;Ba\u011fdat E\u011fitim Platformu&#8221; &#8212; \u0645\u064e\u0646\u064e\u0635\u0651\u064e\u0629\u064f \u0628\u064e\u063a\u0652\u062f\u064e\u0627\u062f\u064e \u0627\u0644\u062a\u064e\u0639\u0652\u0644\u0650\u064a\u0645\u064a\u0651\u064e\u0629\u0650\" src=\"https:\/\/baghdad-academy.com\/?page_id=6462&#038;lang=tr&#038;embed=true#?secret=m8PfZWJvyl#?secret=jfQcmFzUJJ\" data-secret=\"jfQcmFzUJJ\" width=\"500\" height=\"282\" frameborder=\"0\" marginwidth=\"0\" marginheight=\"0\" scrolling=\"no\"><\/iframe>\n<\/div><\/figure>\n\n\n\n<figure class=\"wp-block-embed is-type-wp-embed\"><div class=\"wp-block-embed__wrapper\">\n<blockquote class=\"wp-embedded-content\" data-secret=\"fQeQQstlDC\"><a href=\"https:\/\/baghdad-academy.com\/?page_id=6348&#038;lang=tr\">Ba\u011fdat E\u011fitim Platformu ile nas\u0131l \u00f6\u011freniyoruz?<\/a><\/blockquote><iframe loading=\"lazy\" class=\"wp-embedded-content\" sandbox=\"allow-scripts\" security=\"restricted\" style=\"position: absolute; clip: rect(1px, 1px, 1px, 1px);\" title=\"&#8220;Ba\u011fdat E\u011fitim Platformu ile nas\u0131l \u00f6\u011freniyoruz?&#8221; &#8212; \u0645\u064e\u0646\u064e\u0635\u0651\u064e\u0629\u064f \u0628\u064e\u063a\u0652\u062f\u064e\u0627\u062f\u064e \u0627\u0644\u062a\u064e\u0639\u0652\u0644\u0650\u064a\u0645\u064a\u0651\u064e\u0629\u0650\" src=\"https:\/\/baghdad-academy.com\/?page_id=6348&#038;lang=tr&#038;embed=true#?secret=NXgmSm1KZr#?secret=fQeQQstlDC\" data-secret=\"fQeQQstlDC\" width=\"500\" height=\"282\" frameborder=\"0\" marginwidth=\"0\" marginheight=\"0\" scrolling=\"no\"><\/iframe>\n<\/div><\/figure>\n","protected":false},"excerpt":{"rendered":"<div class=\"mh-excerpt\"><\/div>","protected":false},"author":1,"featured_media":14,"parent":0,"menu_order":0,"comment_status":"closed","ping_status":"closed","template":"","meta":{"footnotes":""},"class_list":["post-6384","page","type-page","status-publish","has-post-thumbnail","hentry"],"_links":{"self":[{"href":"https:\/\/baghdad-academy.com\/index.php?rest_route=\/wp\/v2\/pages\/6384","targetHints":{"allow":["GET"]}}],"collection":[{"href":"https:\/\/baghdad-academy.com\/index.php?rest_route=\/wp\/v2\/pages"}],"about":[{"href":"https:\/\/baghdad-academy.com\/index.php?rest_route=\/wp\/v2\/types\/page"}],"author":[{"embeddable":true,"href":"https:\/\/baghdad-academy.com\/index.php?rest_route=\/wp\/v2\/users\/1"}],"replies":[{"embeddable":true,"href":"https:\/\/baghdad-academy.com\/index.php?rest_route=%2Fwp%2Fv2%2Fcomments&post=6384"}],"version-history":[{"count":2,"href":"https:\/\/baghdad-academy.com\/index.php?rest_route=\/wp\/v2\/pages\/6384\/revisions"}],"predecessor-version":[{"id":6467,"href":"https:\/\/baghdad-academy.com\/index.php?rest_route=\/wp\/v2\/pages\/6384\/revisions\/6467"}],"wp:featuredmedia":[{"embeddable":true,"href":"https:\/\/baghdad-academy.com\/index.php?rest_route=\/wp\/v2\/media\/14"}],"wp:attachment":[{"href":"https:\/\/baghdad-academy.com\/index.php?rest_route=%2Fwp%2Fv2%2Fmedia&parent=6384"}],"curies":[{"name":"wp","href":"https:\/\/api.w.org\/{rel}","templated":true}]}}