{"id":6348,"date":"2024-10-25T17:09:22","date_gmt":"2024-10-25T14:09:22","guid":{"rendered":"https:\/\/baghdad-academy.com\/?page_id=6348"},"modified":"2024-10-25T22:28:14","modified_gmt":"2024-10-25T19:28:14","slug":"bagdat-egitim-platformu-ile-nasil-ogreniyoruz","status":"publish","type":"page","link":"https:\/\/baghdad-academy.com\/?page_id=6348&lang=tr","title":{"rendered":"Ba\u011fdat E\u011fitim Platformu ile nas\u0131l \u00f6\u011freniyoruz?"},"content":{"rendered":"<div class=\"wp-block-image\">\n<figure class=\"aligncenter size-large\"><img decoding=\"async\" src=\"https:\/\/baghdad-academy.com\/wp-content\/uploads\/2020\/01\/baghdad-academy-20200107-logo-400.jpg\" alt=\"\"\/><\/figure><\/div>\n\n\n<p><strong>Platforma kay\u0131t ve giri\u015f:<\/strong><\/p>\n\n\n\n<p>Platformda (yeni \u00f6\u011frenci) olarak kay\u0131t olmak i\u00e7in: Ba\u011flant\u0131 \u00fczerinden platform sayfas\u0131na gidin:<\/p>\n\n\n\n<p>Baghdad A\u00e7\u0131k Sanal \u00d6\u011frenme ve E\u011fitim E\u011fitim Platformu &#8211; Erkek \u00d6\u011frenciler B\u00f6l\u00fcm\u00fc<\/p>\n\n\n\n<p class=\"has-text-align-center\"><a href=\"https:\/\/lms1.baghdad-academy.com\"><strong>https:\/\/lms1.baghdad-academy.com<\/strong><\/a><\/p>\n\n\n\n<p>Baghdad A\u00e7\u0131k Sanal \u00d6\u011frenme ve E\u011fitim E\u011fitim Platformu &#8211; K\u0131z \u00d6\u011frenciler B\u00f6l\u00fcm\u00fc<\/p>\n\n\n\n<p class=\"has-text-align-center\"><a href=\"https:\/\/lms2.baghdad-academy.com\"><strong>https:\/\/lms2.baghdad-academy.com<\/strong><\/a><\/p>\n\n\n<div class=\"wp-block-image\">\n<figure class=\"aligncenter size-large\"><img decoding=\"async\" src=\"https:\/\/baghdad-academy.com\/wp-content\/uploads\/2024\/10\/2024-10-25_204303.jpg\" alt=\"\"\/><\/figure><\/div>\n\n\n<p><strong>(Yeni abone hesab\u0131) simgesine t\u0131klay\u0131n:<\/strong><\/p>\n\n\n<div class=\"wp-block-image\">\n<figure class=\"aligncenter size-large\"><img decoding=\"async\" src=\"https:\/\/baghdad-academy.com\/wp-content\/uploads\/2024\/10\/2024-10-25_204305.jpg\" alt=\"\"\/><\/figure><\/div>\n\n\n<p>Kar\u015f\u0131n\u0131za a\u015fa\u011f\u0131daki sayfa \u00e7\u0131kacak:<\/p>\n\n\n<div class=\"wp-block-image\">\n<figure class=\"aligncenter size-large\"><img decoding=\"async\" src=\"https:\/\/baghdad-academy.com\/wp-content\/uploads\/2024\/10\/2024-10-25_204315.jpg\" alt=\"\"\/><\/figure><\/div>\n\n\n<p>T\u00fcm gerekli alanlar\u0131 girin:<\/p>\n\n\n\n<p>(1)&nbsp;&nbsp;&nbsp;&nbsp;&nbsp;&nbsp;&nbsp;&nbsp;Kullan\u0131c\u0131 ad\u0131: Platforma giri\u015f yapma \u015feklinizdir ve \u0130ngilizce harfler ve rakamlardan olu\u015fur.<\/p>\n\n\n\n<p>(2)&nbsp;&nbsp;&nbsp;&nbsp;&nbsp;&nbsp;&nbsp;\u015eifre: Kar\u015f\u0131s\u0131nda belirtilen ko\u015fullara uygundur.<\/p>\n\n\n\n<p>(3)&nbsp;&nbsp;&nbsp;&nbsp;&nbsp;&nbsp;E-posta.<\/p>\n\n\n\n<p>(4)&nbsp;&nbsp;&nbsp;&nbsp;&nbsp;&nbsp;Ayn\u0131 e-postay\u0131 tekrar girin.<\/p>\n\n\n\n<p>(5)&nbsp;&nbsp;&nbsp;&nbsp;&nbsp;&nbsp;Ad: Sertifikalarda g\u00f6r\u00fcnecektir.<\/p>\n\n\n\n<p>(6)&nbsp;&nbsp;&nbsp;&nbsp;&nbsp;&nbsp;Soyad\u0131: Sertifikalarda adla birlikte g\u00f6r\u00fcnecektir.<\/p>\n\n\n\n<p>(7)&nbsp;&nbsp;&nbsp;&nbsp;&nbsp;&nbsp;Ya\u015fad\u0131\u011f\u0131n\u0131z \u015fehrin ad\u0131.<\/p>\n\n\n\n<p>(8)&nbsp;&nbsp;&nbsp;&nbsp;&nbsp;&nbsp;\u00dclkenin ad\u0131.<\/p>\n\n\n\n<p>(9)\u00a0\u00a0\u00a0\u00a0\u00a0\u00a0Hesab\u0131 olu\u015fturmak i\u00e7in (Yeni kullan\u0131c\u0131 hesab\u0131 olu\u015ftur) \u00f6\u011fesine t\u0131klay\u0131n.<\/p>\n\n\n<div class=\"wp-block-image\">\n<figure class=\"aligncenter size-large\"><img decoding=\"async\" src=\"https:\/\/baghdad-academy.com\/wp-content\/uploads\/2024\/10\/2024-10-25_204500.jpg\" alt=\"\"\/><\/figure><\/div>\n\n\n<p>A\u015fa\u011f\u0131daki sayfa g\u00f6r\u00fcnecektir:<\/p>\n\n\n<div class=\"wp-block-image\">\n<figure class=\"aligncenter size-large\"><img decoding=\"async\" src=\"https:\/\/baghdad-academy.com\/wp-content\/uploads\/2024\/10\/2024-10-25_204600.jpg\" alt=\"\"\/><\/figure><\/div>\n\n\n<p>Hesab\u0131n\u0131z\u0131 aktifle\u015ftirmek i\u00e7in, kay\u0131t oldu\u011funuz e-postaya gidin ve platformdan ald\u0131\u011f\u0131n\u0131z mesaj\u0131 a\u00e7\u0131n:<br>Ard\u0131ndan aktivasyon ba\u011flant\u0131s\u0131na t\u0131klay\u0131n:<\/p>\n\n\n<div class=\"wp-block-image\">\n<figure class=\"aligncenter size-large\"><img decoding=\"async\" src=\"https:\/\/baghdad-academy.com\/wp-content\/uploads\/2024\/10\/2024-10-25_204700-1024x372.jpg\" alt=\"\"\/><\/figure><\/div>\n\n\n<p>Kar\u015f\u0131n\u0131za a\u015fa\u011f\u0131daki sayfa \u00e7\u0131kacak:<\/p>\n\n\n<div class=\"wp-block-image\">\n<figure class=\"aligncenter size-large\"><img decoding=\"async\" src=\"https:\/\/baghdad-academy.com\/wp-content\/uploads\/2024\/10\/2024-10-25_204800-1024x226.jpg\" alt=\"\"\/><\/figure><\/div>\n\n\n<p><strong>K\u0131z ve erkek \u00f6\u011frencilerin derslere kay\u0131tlar\u0131 ve giri\u015fleri:<\/strong><\/p>\n\n\n\n<p>Daha sonra giri\u015f yapmak istiyorsak \u015funu yaz\u0131yoruz: (1) kullan\u0131c\u0131 ad\u0131, (2) \u015fifre, (3) giri\u015f:<\/p>\n\n\n<div class=\"wp-block-image\">\n<figure class=\"aligncenter size-large\"><img decoding=\"async\" src=\"https:\/\/baghdad-academy.com\/wp-content\/uploads\/2024\/10\/2024-10-25_204900.jpg\" alt=\"\"\/><\/figure><\/div>\n\n\n<p>Daha sonra eri\u015fim ikonu, ard\u0131ndan beni kaydet ikonu veya kendi kendine kay\u0131t ikonu arac\u0131l\u0131\u011f\u0131yla gerekli derse gidiyoruz:<\/p>\n\n\n<div class=\"wp-block-image\">\n<figure class=\"aligncenter size-large\"><img decoding=\"async\" src=\"https:\/\/lms.mustansiriyah.net\/pluginfile.php\/1\/blog\/post\/2\/010.jpg\" alt=\"\"\/><\/figure><\/div>\n\n<div class=\"wp-block-image\">\n<figure class=\"aligncenter size-large\"><img decoding=\"async\" src=\"https:\/\/lms.mustansiriyah.net\/pluginfile.php\/1\/blog\/post\/2\/012.jpg\" alt=\"\"\/><\/figure><\/div>\n\n\n<p>Daha sonra kurs ad\u0131mlar\u0131n\u0131, b\u00f6l\u00fcmleri, gereklilikleri, g\u00f6revleri ve testleri takip ederek in\u015fallah sertifikay\u0131 al\u0131yoruz.<\/p>\n","protected":false},"excerpt":{"rendered":"<div class=\"mh-excerpt\"><p>Platforma kay\u0131t ve giri\u015f: Platformda (yeni \u00f6\u011frenci) olarak kay\u0131t olmak i\u00e7in: Ba\u011flant\u0131 \u00fczerinden platform sayfas\u0131na gidin: Baghdad A\u00e7\u0131k Sanal \u00d6\u011frenme ve E\u011fitim E\u011fitim Platformu &#8211; <a class=\"mh-excerpt-more\" href=\"https:\/\/baghdad-academy.com\/?page_id=6348&#038;lang=tr\" title=\"Ba\u011fdat E\u011fitim Platformu ile nas\u0131l \u00f6\u011freniyoruz?\">[&#8230;]<\/a><\/p>\n<\/div>","protected":false},"author":1,"featured_media":0,"parent":0,"menu_order":0,"comment_status":"closed","ping_status":"closed","template":"","meta":{"footnotes":""},"class_list":["post-6348","page","type-page","status-publish","hentry"],"_links":{"self":[{"href":"https:\/\/baghdad-academy.com\/index.php?rest_route=\/wp\/v2\/pages\/6348","targetHints":{"allow":["GET"]}}],"collection":[{"href":"https:\/\/baghdad-academy.com\/index.php?rest_route=\/wp\/v2\/pages"}],"about":[{"href":"https:\/\/baghdad-academy.com\/index.php?rest_route=\/wp\/v2\/types\/page"}],"author":[{"embeddable":true,"href":"https:\/\/baghdad-academy.com\/index.php?rest_route=\/wp\/v2\/users\/1"}],"replies":[{"embeddable":true,"href":"https:\/\/baghdad-academy.com\/index.php?rest_route=%2Fwp%2Fv2%2Fcomments&post=6348"}],"version-history":[{"count":4,"href":"https:\/\/baghdad-academy.com\/index.php?rest_route=\/wp\/v2\/pages\/6348\/revisions"}],"predecessor-version":[{"id":6381,"href":"https:\/\/baghdad-academy.com\/index.php?rest_route=\/wp\/v2\/pages\/6348\/revisions\/6381"}],"wp:attachment":[{"href":"https:\/\/baghdad-academy.com\/index.php?rest_route=%2Fwp%2Fv2%2Fmedia&parent=6348"}],"curies":[{"name":"wp","href":"https:\/\/api.w.org\/{rel}","templated":true}]}}