{"id":6019,"date":"2024-09-04T16:07:18","date_gmt":"2024-09-04T13:07:18","guid":{"rendered":"https:\/\/baghdad-academy.com\/?page_id=6019"},"modified":"2024-10-25T16:23:57","modified_gmt":"2024-10-25T13:23:57","slug":"nevevi-kirk-hadisi","status":"publish","type":"page","link":"https:\/\/baghdad-academy.com\/?page_id=6019&lang=tr","title":{"rendered":"NEVEV\u0130 KIRK HAD\u0130S\u0130"},"content":{"rendered":"\n<p>&#8220;\u0130slam\u0131n Temelinde ve Ahkam Kurallar\u0131nda K\u0131rk Hadis&#8221; kitab\u0131n\u0131n hadisleridir; &#8220;NEVEV\u0130 KIRK HAD\u0130S\u0130&#8221; olarak bilinir. M\u00fcellifi \u201cEl-\u0130mam Ebu Zekeriya, Yahya bin \u015eeref El-Navavi El-\u015eafii\u201d dir. \u0130mam, haf\u0131z ve fakih Zeyn\u00fcddin, Abdurrahman \u0130bn-i Receb-i\u2019l-Hanbeli&#8217;nin eklemesi de beraberindedir. &nbsp;&nbsp;<\/p>\n\n\n\n<p class=\"has-text-align-center\">Rahman ve Rahim Olan Allah&#8217;\u0131n Ad\u0131yla.<\/p>\n\n\n\n<p class=\"has-text-align-center\">[Bismillahirrahmanirrahim]<\/p>\n\n\n\n<p>\u015e\u00fcphesiz hamd Allah\u2019a mahsustur. O\u2019na hamdeder, O\u2019ndan yard\u0131m ve ma\u011ffiret dileriz. Nefislerimizin \u015ferlerinden, amellerimizin k\u00f6t\u00fcl\u00fcklerinden Allah\u2019a s\u0131\u011f\u0131n\u0131r\u0131z. Allah\u2019\u0131n hidayete iletti\u011fini kimse sapt\u0131ramaz. Sapt\u0131rd\u0131\u011f\u0131n\u0131 da kimse hidayete iletemez. \u015eehadet ederim ki Allah\u2019tan ba\u015fka hi\u00e7bir ilah yoktur. O bir ve tek-tir, O\u2019nun orta\u011f\u0131 yoktur. Ve yine \u015fehadet ederim ki Muhammed O\u2019nun kulu ve Ras\u00fbl\u00fcd\u00fcr.<\/p>\n\n\n\n<p>[\u0130nnel hamde lillah, nahmed\u00fbh\u00fb ve neste\u00een\u00fbh\u00fb, ve neste\u011ffir\u00fbh\u00fb, ve ne\u00fbz\u00fb bill\u00e2hi min \u015f\u00fbr\u00fbvri enfis\u00fbne, ve min seyyieti \u00e2\u011fmelin\u00e2, \u201cMen yehdihill\u00e2h\u00fb fel\u00e2 m\u00fbdille leh, vemen y\u00fbdlil fel\u00e2 h\u00e2diye leh.\u201d Ve e\u015fhed\u00fb en l\u00e2 il\u00e2he illall\u00e2hu vahdeh\u00fb l\u00e2 \u015ferike leh, ve enne Muhammeden abduh\u00fb ve res\u00fbl\u00fbh]. [Hutbetu\u2019l-Hace].<\/p>\n\n\n\n<p>Allah\u0131m! \u0130brahim&#8217;e rahmet ve ma\u011ffiret eyledi\u011fin gibi, Muhammed&#8217;e ve \u00e2ilesine de rahmet ve ma\u011ffiret eyle. Do\u011frusu sen, \u00f6vg\u00fcye en l\u00e2y\u0131k olans\u0131n, y\u00fccesin. Allah\u0131m! \u0130brahim&#8217;e hay\u0131r ve bereketler ihs\u00e2n etti\u011fin gibi, Muhammed&#8217;e ve \u00e2ilesine de hay\u0131r ve bereketler ihs\u00e2n eyle. Do\u011frusu sen, \u00f6vg\u00fcye en l\u00e2y\u0131k olans\u0131n, y\u00fccesin. [Buh\u00e2r\u00ee, hadis no.: 3370 ve M\u00fcslim, hadis no.: 405.]<\/p>\n\n\n\n<p>[All\u00e2humme salli al\u00e2 Muhammedin ve al\u00e2 \u00e2li Muhammedin kem\u00e2 salleyte al\u00e2 \u0130br\u00e2h\u00eeme inneke ham\u00eedun mec\u00eed. All\u00e2humme b\u00e2rik al\u00e2 Muhammedin ve al\u00e2 \u00e2li Muhammedin kem\u00e2 b\u00e2rakte al\u00e2 \u0130br\u00e2h\u00eeme inneke ham\u00eedun mec\u00eed]<\/p>\n\n\n\n<p>\u201cEy iman edenler! Allah&#8217;a kar\u015f\u0131 gelmekten nas\u0131l sak\u0131nmak gerekiyorsa \u00f6ylece sak\u0131n\u0131n ve siz ancak m\u00fcsl\u00fcmanlar olarak \u00f6l\u00fcn.\u201d [\u00c2L\u0130 \u0130MRAN: 102], \u201cEy insanlar! Sizi bir tek nefisten yaratan ve ondan da e\u015fini yaratan; ikisinden bir\u00e7ok erkek ve kad\u0131n (meydana getirip) yayan Rabbinize kar\u015f\u0131 gelmekten sak\u0131n\u0131n. Kendisi ad\u0131na birbirinizden dilekte bulundu\u011funuz Allah&#8217;a kar\u015f\u0131 gelmekten ve akrabal\u0131k ba\u011flar\u0131n\u0131 koparmaktan sak\u0131n\u0131n. \u015e\u00fcphesiz Allah \u00fczerinizde bir g\u00f6zetleyicidir.\u201d [N\u0130SA: 1], \u201cEy iman edenler! Allah&#8217;a kar\u015f\u0131 gelmekten sak\u0131n\u0131n ve do\u011fru s\u00f6z s\u00f6yleyin ki Allah sizin i\u015flerinizi d\u00fczeltsin ve g\u00fcnahlar\u0131n\u0131z\u0131 ba\u011f\u0131\u015flas\u0131n. Kim Allah&#8217;a ve Res\u00fcl\u00fcne itaat ederse, muhakkak b\u00fcy\u00fck bir ba\u015far\u0131ya ula\u015fm\u0131\u015ft\u0131r.\u201d [AHZAB: 70-71].<\/p>\n\n\n\n<p>\u0130mdi, Bundan Sonra; hi\u00e7 \u015f\u00fcphesiz en do\u011fru s\u00f6z Allah\u2019\u0131n s\u00f6z\u00fcd\u00fcr. En hay\u0131rl\u0131 yol ise Muhammed sallallahu aleyhi ve sellem-\u2018\u0131n yoludur. En k\u00f6t\u00fc Ameller i\u015fler sonradan uydurulanlard\u0131r. Sonradan uydurulup dine sokulan her amel bid\u2019at, her bid\u2019at sap\u0131kl\u0131k ve her sap\u0131kl\u0131k da ate\u015ftedir.<\/p>\n\n\n\n<p>[Emma baad: Feinne \u00e2sdak\u00e2l hadiysi kitab\u00fbllah, ve h\u00e2yral hedyi hedy\u00fb M\u00fbhammed (sallallahu aleyhi vessellem) ve \u015ferrel \u00fbm\u00fbvri m\u00fbhdeset\u00fbha ve k\u00fblle m\u00fbhdesetin bid\u2019ah, ve k\u00fblle bid\u2019atin d\u00e2laleh, ve k\u00fblle d\u00e2laletin finn\u00e2r.]<\/p>\n\n\n\n<p><strong>((Yaratan Rabbinin ad\u0131yla oku! O, insan\u0131 &#8220;alak&#8221; dan yaratt\u0131. <\/strong><strong>##<\/strong><strong> Oku! Senin Rabbin en c\u00f6mert oland\u0131r. <\/strong><strong>#<\/strong><strong> O, kalemle yazmay\u0131 \u00f6\u011fretendir, insana bilmedi\u011fini \u00f6\u011fretendir. <\/strong><strong>##<\/strong><strong>)) [ALAK: 1-5], ((Ve: &#8220;Rabbim! \u0130lmimi artt\u0131r&#8221; de.)) [T\u00c2H\u00c2: 114], ((&#8220;Rabbim! G\u00f6nl\u00fcme ferahl\u0131k ver.&#8221;&nbsp;<\/strong><strong>#<\/strong><strong> <\/strong><strong>&#8220;\u0130\u015fimi bana kolayla\u015ft\u0131r.&#8221;&nbsp;<\/strong><strong>#<\/strong><strong> <\/strong><strong>&#8220;Dilimdeki tutuklu\u011fu \u00e7\u00f6z ki s\u00f6z\u00fcm\u00fc anlas\u0131nlar.&#8221;&nbsp;<\/strong><strong>##<\/strong><strong> <\/strong><strong>)) [T\u00c2H\u00c2: 25-28].<\/strong><\/p>\n\n\n\n<p><strong>\u201cAllah\u2019\u0131m! Bana \u00f6\u011fretti\u011fin \u015feyleri hakk\u0131mda faydal\u0131 eyle, bana fayda verecek \u015feyleri \u00f6\u011fret, beni, bana fayda<\/strong><strong> <\/strong>verecek ilim ile nasiplendir.\u201d {H\u00e2kim, De\u2019av\u00e2t, No: 1879}.<\/p>\n\n\n\n<p>[<strong>All\u00e2h\u00fcmmenfe\u2019n\u00ee bim\u00e2 \u2018allemten\u00ee ve \u2018allimn\u00ee m\u00e2 yenfe\u2019un\u00ee verz\u00fcgn\u00ee \u2018ilmen tenfe\u2019un\u00ee bih\u00ee]<\/strong>.<\/p>\n\n\n\n<p>&#8220;Ey, \u0130brahim&#8217;e ilim ihsan eden, bana da ihsan et. Ey, S\u00fcleyman&#8217;a kavray\u0131\u015f\u0131 ihsan eden, bana da anlamay\u0131, kavramay\u0131 ihsan et.&#8221; [\u015eeyhul-\u0130slam \u0130bn Teymiyye&#8217;nin Duas\u0131].<\/p>\n\n\n\n<p>\u015e\u00fcphesiz ki \u00e2limler neb\u00eelerin varisleridir. Ras\u00fbl\u00fcllah\u2019\u0131 Sallallahu Aleyhi ve Sellem s\u00f6yledi: &#8220;Ve \u015f\u00fcphesiz ki \u00e2limler neb\u00eelerin varisleridir. Ve neb\u00eeler dinar veya dirhem miras b\u0131rakmazlar. Onlar sadece ilmi miras b\u0131rak\u0131rlar. Kim bu miras\u0131 al\u0131rsa \u00e7ok\u00e7a nasip alm\u0131\u015f demektir.&#8221;, ve en iyi, en m\u00fckemmel ve en \u015ferefli ilim, Kur&#8217;an ile ilgili oland\u0131r. Hadis de: &#8220;En hay\u0131rl\u0131n\u0131z Kur\u2019an\u2019\u0131 \u00f6\u011frenen ve \u00f6\u011fretendir.&#8221;der, \u00e7\u00fcnk\u00fc Kur\u2019an; din ve d\u00fcnyadaki t\u00fcm faydal\u0131 bilimlere rehberlik eder. \u0130mam E\u015f-\u015eafii (Allah&#8217;\u0131n rahmeti etsin) dedi ki:<\/p>\n\n\n\n<p class=\"has-text-align-left\">Kur&#8217;an d\u0131\u015f\u0131ndaki b\u00fct\u00fcn ilimler bir me\u015fgaledir,<\/p>\n\n\n\n<p class=\"has-text-align-right\">Hadis ve F\u0131k\u0131h ilmi hari\u00e7<\/p>\n\n\n\n<p class=\"has-text-align-left\">\u0130lim, i\u00e7inde: \u201cbize anlatt\u0131\u201d ifadesi oland\u0131r,<\/p>\n\n\n\n<p class=\"has-text-align-right\">bunun d\u0131\u015f\u0131ndakiler ise \u015feytanlar\u0131n vesveseleridir<\/p>\n\n\n\n<p>Peygamberin S\u00fcnneti g\u00fcvenlik ve kurtulu\u015f gemisidir. Onun ile u\u011fra\u015fmak, ezberlemek, \u00f6\u011frenmek, uygulamak ya da insanlar i\u00e7inde yay\u0131lmas\u0131na \u00e7al\u0131\u015fmak en iyi en iyi uygulamalardan, en iyi ve en \u00f6nemli ibadet t\u00fcrlerinden ve en iyi fedak\u00e2rl\u0131klardan biridir. Ve en \u00f6nemli zamanlar\u0131n harcanaca\u011f\u0131 en de\u011ferli vakitlerdir.<\/p>\n\n\n\n<p style=\"text-align:center\"><strong><a href=\"https:\/\/www.youtube.com\/watch?v=Z9SGeQrU2T0&amp;list=PLTP-WEKCtOk4yMP6ReWJ27wRcw9kwLvhB\">YouTube<\/a>&nbsp;<\/strong><br \/>\n<iframe align=\"middle\" frameborder=\"0\" height=\"100%\" scrolling=\"no\" src=\"https:\/\/abs.jasimabed.com\/video\/?ytv=Z9SGeQrU2T0&amp;ytl=PLTP-WEKCtOk4yMP6ReWJ27wRcw9kwLvhB\" style=\"display: block; height: 480px;  width: 640px; border: none; background: lightyellow;\"><\/iframe><\/p>\n\n<p style=\"text-align:center\">&nbsp;<\/p>\n\n<p style=\"text-align:center\"><iframe align=\"middle\" frameborder=\"0\" style=\"display: block; height: 100vh;  width: 100vw; border: none; background: lightyellow;\" scrolling=\"no\" src=\"https:\/\/abs.jasimabed.com\/pdfviewer\/pdf\/3.pdf\"><\/iframe><\/p>\n\n\n\n<figure class=\"wp-block-embed is-type-wp-embed\"><div class=\"wp-block-embed__wrapper\">\n<blockquote class=\"wp-embedded-content\" data-secret=\"depghbHkrH\"><a href=\"https:\/\/baghdad-academy.com\/?page_id=6036&#038;lang=tr\">\u0130MAM EN-NEVEV\u0130&#8217;N\u0130N MUKADD\u0130MES\u0130NE TERC\u00dcMES\u0130<\/a><\/blockquote><iframe loading=\"lazy\" class=\"wp-embedded-content\" sandbox=\"allow-scripts\" security=\"restricted\" style=\"position: absolute; clip: rect(1px, 1px, 1px, 1px);\" title=\"&#8220;\u0130MAM EN-NEVEV\u0130&#8217;N\u0130N MUKADD\u0130MES\u0130NE TERC\u00dcMES\u0130&#8221; &#8212; \u0645\u064e\u0646\u064e\u0635\u0651\u064e\u0629\u064f \u0628\u064e\u063a\u0652\u062f\u064e\u0627\u062f\u064e \u0627\u0644\u062a\u064e\u0639\u0652\u0644\u0650\u064a\u0645\u064a\u0651\u064e\u0629\u0650\" src=\"https:\/\/baghdad-academy.com\/?page_id=6036&#038;lang=tr&#038;embed=true#?secret=vN4ijWKBpD#?secret=depghbHkrH\" data-secret=\"depghbHkrH\" width=\"500\" height=\"282\" frameborder=\"0\" marginwidth=\"0\" marginheight=\"0\" scrolling=\"no\"><\/iframe>\n<\/div><\/figure>\n\n\n\n<p>[ 1 ] \u00a0 AMELLER N\u0130YETLERD\u0130R;<\/p>\n\n\n\n<p>[ 2 ] CEBRA\u0130L SAHABELERE D\u0130NLER\u0130N\u0130 \u00d6\u011eRET\u0130YOR<br>[ 3 ] \u0130SLAMIN R\u00dcK\u00dcNLER\u0130<br>[ 4 ] ALLAH \u0130NSANI VE NAS\u0130B\u0130N\u0130 YARATTI<br>[ 5 ] D\u0130NDE B\u0130DATLAR<br>[ 6 ] \u015e\u00fcphelerden korunmak ve \u015f\u00fcphelere d\u00fc\u015fmek<br>[ 7 ] Din hemen nasihatt\u0131r<br>[ 8 ] M\u00dc\u015eR\u0130K ARABLARLA SAVA\u015eMAK<br>[ 9 ] D\u0130NDE YASAKLAR VE EM\u0130RLER<br>[ 10 ] Allah Tayyib\u2019tir, Tayyib Olan\u0131 Kab\u00fbl Eder<br>[ 11 ] \u015e\u00fcpheli Olanlar\u0131 Terk Etmek<br>[ 12 ] SEN\u0130 \u0130LG\u0130LERD\u0130RMEY\u0130 TERK ETMEK<br>[ 13 ] \u0130MAN VE SEVG\u0130<br>[ 14 ] M\u00dcSL\u00dcMANIN KANI \u00dc\u00c7 \u015eEY HAR\u0130C\u0130NDE HELAL OLMAZ<br>[ 15 ] Allah\u2019a ve ahiret G\u00fcn\u00fcne \u0130man Hasletlerinden<br>[ 16 ] KIZMA<br>[ 17 ] HER \u015eEY \u00dcZER\u0130NE \u0130Y\u0130L\u0130K<br>[ 18 ] Her Nerede Olursan Ol, Allah\u2019a Kar\u015f\u0131 Takv\u00e2l\u0131 Ol!<br>[ 19 ] Kulun Allah\u2019a Kar\u015f\u0131 Sorumluluklar\u0131 ve Kadere \u00cem\u00e2n<br>[ 20 ] Hay\u00e2<br>[ 21 ] \u00cem\u00e2n ve \u0130stik\u00e2met<br>[ 22 ] Farzlar ile Yetinip Har\u00e2mlardan Ka\u00e7\u0131nan\u0131n Kurtulu\u015fa Erece\u011fi<br>[ 23 ] SAL\u0130H AMEL TOPLAYICILARI<br>[ 24 ] ALLAH\u2019IN FAZLI KEREM\u0130 VE KUDRET\u0130<br>[ 25 ] SADAKALARIN \u00c7E\u015e\u0130TLER\u0130<br>[ 26 ] BEDENDEN D\u0130\u011eER SADAKALAR<br>[ 27 ] \u0130Y\u0130l\u0130KVEG\u00dcNAH<br>[ 28 ] Y\u00f6neticilere it\u00e2at ve S\u00fcnnete Sar\u0131lmak<br>[ 29 ] Cennet\u2019e Sokan Cehennem\u2019den Uzakla\u015ft\u0131ran En B\u00fcy\u00fck Ameller<br>[ 30 ] Allah Teala\u2019n\u0131n H\u00fck\u00fcmleri<br>[ 31 ] Allah Ve \u0130nsanlar\u0131n Sevgisi<br>[ 32 ] Zarar vermek ve zarar g\u00f6rmek yoktur<br>[ 33 ] Delil iddia edene yemin inkar edenedir<br>[ 34 ] M\u00fcnkeri De\u011fi\u015ftirmenin Mertebeleri<br>[ 35 ] \u00cem\u00e2n Karde\u015fli\u011fi ve Bu Karde\u015fli\u011fin Hukuku<br>[ 36 ] M\u00fcsl\u00fcmanlara \u0130hs\u00e2nda Bulunman\u0131n ve \u0130lim Taleb Etmenin Faz\u00eeleti<br>[ 37 ] All\u00e2hu Te\u00e2la ve Tekaddes Hazretleri hasen\u00e2t ile seyyi\u00e2t\u0131 yazm\u0131\u015f<br>[ 38 ] Her kim benim velilerimden bir veliye d\u00fc\u015fmanl\u0131k ederse, \u015f\u00fcphesiz ben ona i\u2019l\u00e2n-\u0131 harb ederim<br>[ 39 ] \u015e\u00fcphesiz Allah\u00fb Te\u00e2la \u00fcmmetimden hatay\u0131, nisy\u00e2n\u0131, bana ba\u011f\u0131\u015flad\u0131<br>[ 40 ] Ahiret \u0130\u00e7in Haz\u0131rl\u0131k<br>[ 41 ] Hi\u00e7 birinizin iradesi benim tebli\u011f etti\u011fim \u015feylere t\u00e2bi\u2019 olmad\u0131k\u00e7a m\u00fc\u2019min olmu\u015f olmazs\u0131n\u0131z<br>[ 42 ] Ey \u00c2dem-o\u011flu, sen bana yalvar\u0131p benden \u00fcmmid-v\u00e2r olduk\u00e7a<br>[ 43 ] Ferazi (Miraslar\u0131) Ehline Dahil Ediniz<br>[ 44 ] S\u00fct Emme H\u00fck\u00fcmleri<br>[ 45 ] MURDAR HAYVAN VE PUT SATIMI<br>[ 46 ] Her Sarho\u015fluk veren haramd\u0131r<br>[ 47 ] \u0130nsan\u0131n yiyece\u011fi Miktar<br>[ 48 ] Nifak Alametleri<br>[ 49 ] Allah\u2019a Tevekk\u00fcl Ve R\u0131z\u0131k<br>[ 50 ] Allah Teala\u2019n\u0131n Zikri<\/p>\n","protected":false},"excerpt":{"rendered":"<div class=\"mh-excerpt\"><p>&#8220;\u0130slam\u0131n Temelinde ve Ahkam Kurallar\u0131nda K\u0131rk Hadis&#8221; kitab\u0131n\u0131n hadisleridir; &#8220;NEVEV\u0130 KIRK HAD\u0130S\u0130&#8221; olarak bilinir. M\u00fcellifi \u201cEl-\u0130mam Ebu Zekeriya, Yahya bin \u015eeref El-Navavi El-\u015eafii\u201d dir. \u0130mam, <a class=\"mh-excerpt-more\" href=\"https:\/\/baghdad-academy.com\/?page_id=6019&#038;lang=tr\" title=\"NEVEV\u0130 KIRK HAD\u0130S\u0130\">[&#8230;]<\/a><\/p>\n<\/div>","protected":false},"author":1,"featured_media":6006,"parent":0,"menu_order":0,"comment_status":"closed","ping_status":"closed","template":"","meta":{"footnotes":""},"class_list":["post-6019","page","type-page","status-publish","has-post-thumbnail","hentry"],"_links":{"self":[{"href":"https:\/\/baghdad-academy.com\/index.php?rest_route=\/wp\/v2\/pages\/6019","targetHints":{"allow":["GET"]}}],"collection":[{"href":"https:\/\/baghdad-academy.com\/index.php?rest_route=\/wp\/v2\/pages"}],"about":[{"href":"https:\/\/baghdad-academy.com\/index.php?rest_route=\/wp\/v2\/types\/page"}],"author":[{"embeddable":true,"href":"https:\/\/baghdad-academy.com\/index.php?rest_route=\/wp\/v2\/users\/1"}],"replies":[{"embeddable":true,"href":"https:\/\/baghdad-academy.com\/index.php?rest_route=%2Fwp%2Fv2%2Fcomments&post=6019"}],"version-history":[{"count":4,"href":"https:\/\/baghdad-academy.com\/index.php?rest_route=\/wp\/v2\/pages\/6019\/revisions"}],"predecessor-version":[{"id":6326,"href":"https:\/\/baghdad-academy.com\/index.php?rest_route=\/wp\/v2\/pages\/6019\/revisions\/6326"}],"wp:featuredmedia":[{"embeddable":true,"href":"https:\/\/baghdad-academy.com\/index.php?rest_route=\/wp\/v2\/media\/6006"}],"wp:attachment":[{"href":"https:\/\/baghdad-academy.com\/index.php?rest_route=%2Fwp%2Fv2%2Fmedia&parent=6019"}],"curies":[{"name":"wp","href":"https:\/\/api.w.org\/{rel}","templated":true}]}}