{"id":6000,"date":"2024-09-02T23:33:25","date_gmt":"2024-09-02T20:33:25","guid":{"rendered":"https:\/\/baghdad-academy.com\/?page_id=6000"},"modified":"2024-10-26T22:29:25","modified_gmt":"2024-10-26T19:29:25","slug":"islam-bilimi","status":"publish","type":"page","link":"https:\/\/baghdad-academy.com\/?page_id=6000&lang=tr","title":{"rendered":"\u0130slami \u0130limler"},"content":{"rendered":"<div class=\"wp-block-image\">\n<figure class=\"aligncenter size-large\"><img decoding=\"async\" src=\"https:\/\/fg.jasimabed.net\/?gurl=https:\/\/archive.org\/download\/multi_lang_lib\/202410240001_171253.jpg\" alt=\"\"\/><\/figure><\/div>\n\n\n<figure class=\"wp-block-embed is-type-wp-embed\"><div class=\"wp-block-embed__wrapper\">\n<blockquote class=\"wp-embedded-content\" data-secret=\"DUg7sb7kpH\"><a href=\"https:\/\/baghdad-academy.com\/?page_id=6272&#038;lang=tr\">\u0130slam&#8217;\u0131 Anlamak \u0130\u00e7in K\u0131sa Bir Resimli K\u0131lavuz<\/a><\/blockquote><iframe loading=\"lazy\" class=\"wp-embedded-content\" sandbox=\"allow-scripts\" security=\"restricted\" style=\"position: absolute; clip: rect(1px, 1px, 1px, 1px);\" title=\"&#8220;\u0130slam&#8217;\u0131 Anlamak \u0130\u00e7in K\u0131sa Bir Resimli K\u0131lavuz&#8221; &#8212; \u0645\u064e\u0646\u064e\u0635\u0651\u064e\u0629\u064f \u0628\u064e\u063a\u0652\u062f\u064e\u0627\u062f\u064e \u0627\u0644\u062a\u064e\u0639\u0652\u0644\u0650\u064a\u0645\u064a\u0651\u064e\u0629\u0650\" src=\"https:\/\/baghdad-academy.com\/?page_id=6272&#038;lang=tr&#038;embed=true#?secret=OG8Qc50NkO#?secret=DUg7sb7kpH\" data-secret=\"DUg7sb7kpH\" width=\"500\" height=\"282\" frameborder=\"0\" marginwidth=\"0\" marginheight=\"0\" scrolling=\"no\"><\/iframe>\n<\/div><\/figure>\n\n\n\n<figure class=\"wp-block-embed is-type-wp-embed\"><div class=\"wp-block-embed__wrapper\">\n<blockquote class=\"wp-embedded-content\" data-secret=\"eEe3LIC2PB\"><a href=\"https:\/\/baghdad-academy.com\/?page_id=6019&#038;lang=tr\">NEVEV\u0130 KIRK HAD\u0130S\u0130<\/a><\/blockquote><iframe loading=\"lazy\" class=\"wp-embedded-content\" sandbox=\"allow-scripts\" security=\"restricted\" style=\"position: absolute; clip: rect(1px, 1px, 1px, 1px);\" title=\"&#8220;NEVEV\u0130 KIRK HAD\u0130S\u0130&#8221; &#8212; \u0645\u064e\u0646\u064e\u0635\u0651\u064e\u0629\u064f \u0628\u064e\u063a\u0652\u062f\u064e\u0627\u062f\u064e \u0627\u0644\u062a\u064e\u0639\u0652\u0644\u0650\u064a\u0645\u064a\u0651\u064e\u0629\u0650\" src=\"https:\/\/baghdad-academy.com\/?page_id=6019&#038;lang=tr&#038;embed=true#?secret=9b30IRfaif#?secret=eEe3LIC2PB\" data-secret=\"eEe3LIC2PB\" width=\"500\" height=\"282\" frameborder=\"0\" marginwidth=\"0\" marginheight=\"0\" scrolling=\"no\"><\/iframe>\n<\/div><\/figure>\n","protected":false},"excerpt":{"rendered":"<div class=\"mh-excerpt\"><\/div>","protected":false},"author":1,"featured_media":0,"parent":0,"menu_order":0,"comment_status":"closed","ping_status":"closed","template":"","meta":{"footnotes":""},"class_list":["post-6000","page","type-page","status-publish","hentry"],"_links":{"self":[{"href":"https:\/\/baghdad-academy.com\/index.php?rest_route=\/wp\/v2\/pages\/6000","targetHints":{"allow":["GET"]}}],"collection":[{"href":"https:\/\/baghdad-academy.com\/index.php?rest_route=\/wp\/v2\/pages"}],"about":[{"href":"https:\/\/baghdad-academy.com\/index.php?rest_route=\/wp\/v2\/types\/page"}],"author":[{"embeddable":true,"href":"https:\/\/baghdad-academy.com\/index.php?rest_route=\/wp\/v2\/users\/1"}],"replies":[{"embeddable":true,"href":"https:\/\/baghdad-academy.com\/index.php?rest_route=%2Fwp%2Fv2%2Fcomments&post=6000"}],"version-history":[{"count":4,"href":"https:\/\/baghdad-academy.com\/index.php?rest_route=\/wp\/v2\/pages\/6000\/revisions"}],"predecessor-version":[{"id":6432,"href":"https:\/\/baghdad-academy.com\/index.php?rest_route=\/wp\/v2\/pages\/6000\/revisions\/6432"}],"wp:attachment":[{"href":"https:\/\/baghdad-academy.com\/index.php?rest_route=%2Fwp%2Fv2%2Fmedia&parent=6000"}],"curies":[{"name":"wp","href":"https:\/\/api.w.org\/{rel}","templated":true}]}}