{"id":38,"date":"2020-01-08T14:11:42","date_gmt":"2020-01-08T11:11:42","guid":{"rendered":"https:\/\/baghdad-academy.com\/?page_id=38"},"modified":"2025-12-19T00:30:09","modified_gmt":"2025-12-18T21:30:09","slug":"ana-sayfa","status":"publish","type":"page","link":"https:\/\/baghdad-academy.com\/?page_id=38&lang=tr","title":{"rendered":"ANA SAYFA"},"content":{"rendered":"\n<h2 class=\"wp-block-heading has-text-align-center\">Bismillahirrahm\u00e2nirrah\u00eem <\/h2>\n\n\n\n<p dir=\"ltr\"><strong>(&#8220;Rabbim! \u0130lmimi artt\u0131r&#8221; de.)&nbsp;[T\u00e2h\u00e2 S\u00fbresi: 114]<\/strong><\/p>\n\n\n\n<p dir=\"ltr\"><strong>(De ki: &#8220;Hi\u00e7 bilenlerle bilmeyenler bir olur mu?&#8221; Ancak ak\u0131l sahipleri \u00f6\u011f\u00fct al\u0131rlar.) [Z\u00fcmer S\u00fbresi: 9]<\/strong><\/p>\n\n\n\n<p dir=\"ltr\"><strong>(Allah i\u00e7inizden inananlar\u0131n ve kendilerine ilim verilenlerin derecelerini y\u00fckseltsin. Allah yapt\u0131klar\u0131n\u0131zdan hakk\u0131yla haberdard\u0131r.) [M\u00fcc\u00e2dele S\u00fbresi: 11]<\/strong><\/p>\n\n\n\n<p dir=\"ltr\"><strong>Eb\u00fb H\u00fcreyre&nbsp;rad\u0131yallahu anh&#8217;den rivayet edildi\u011fine g\u00f6re, Ras\u00fblullah&nbsp;sallallahu aleyhi ve sellem&nbsp;\u015f\u00f6yle buyurdu: &#8220;Kim ilim tahsil etmek i\u00e7in bir yola girerse, Allah o ki\u015fiye cen\u00adnetin yolunu kolayla\u015ft\u0131r\u0131r.&#8221;&nbsp;[M\u00fcslim]<\/strong><\/p>\n\n\n\n<p dir=\"ltr\"><strong>Eb\u00fb H\u00fcreyre&nbsp;rad\u0131yallahu anh&#8217;den rivayet edildi\u011fine g\u00f6re, Ras\u00fblullah&nbsp;sallallahu aleyhi ve sellem&nbsp;\u015f\u00f6yle buyurdu: &#8220;\u0130nsan \u00f6ld\u00fc\u011f\u00fc vakit b\u00fct\u00fcn amelleri ondan kesilir. Yaln\u0131z \u00fc\u00e7 \u015feyden: sadaka-i cariyeden, faydalan\u0131lan ilimden ve kendisine du\u00e2 eden s\u00e2lih evl\u00e2ddan kesilmez.&#8221; [M\u00fcslim]<\/strong><\/p>\n\n\n\n\n\n\n\n\n\n\n\n<p style=\"text-align:justify\"><a href=\"https:\/\/baghdad-academy.com\/?page_id=6480&#038;lang=tr\"><img decoding=\"async\" alt=\"\" src=\"https:\/\/fg.jasimabed.net\/?gurl=https:\/\/archive.org\/download\/multi_lang_lib\/202410280002-balance1.jpg\" style=\"height:700px; width:700px\" \/><\/a><\/p>\n\n\n\n\n\n<figure class=\"wp-block-embed is-type-wp-embed\"><div class=\"wp-block-embed__wrapper\">\n<blockquote class=\"wp-embedded-content\" data-secret=\"SynxAoQHCy\"><a href=\"https:\/\/baghdad-academy.com\/?page_id=6348&#038;lang=tr\">Ba\u011fdat E\u011fitim Platformu ile nas\u0131l \u00f6\u011freniyoruz?<\/a><\/blockquote><iframe loading=\"lazy\" class=\"wp-embedded-content\" sandbox=\"allow-scripts\" security=\"restricted\" style=\"position: absolute; clip: rect(1px, 1px, 1px, 1px);\" title=\"&#8220;Ba\u011fdat E\u011fitim Platformu ile nas\u0131l \u00f6\u011freniyoruz?&#8221; &#8212; \u0645\u064e\u0646\u064e\u0635\u0651\u064e\u0629\u064f \u0628\u064e\u063a\u0652\u062f\u064e\u0627\u062f\u064e \u0627\u0644\u062a\u064e\u0639\u0652\u0644\u0650\u064a\u0645\u064a\u0651\u064e\u0629\u0650\" src=\"https:\/\/baghdad-academy.com\/?page_id=6348&#038;lang=tr&#038;embed=true#?secret=0v7DG5fLA4#?secret=SynxAoQHCy\" data-secret=\"SynxAoQHCy\" width=\"500\" height=\"282\" frameborder=\"0\" marginwidth=\"0\" marginheight=\"0\" scrolling=\"no\"><\/iframe>\n<\/div><\/figure>\n\n\n\n\n\n<br><br><iframe src=\"https:\/\/jasimabed.com\/myapp.php\" style=\"display: block;  height: 500vh; width: 100%;  border: none;  background: lightyellow;\"><\/iframe><br><br>\n\n\n\n<p><strong>Kurslar ve dersler<\/strong><\/p>\n\n\n\n<figure class=\"wp-block-embed is-type-wp-embed\"><div class=\"wp-block-embed__wrapper\">\n<blockquote class=\"wp-embedded-content\" data-secret=\"sl9vZKBCCT\"><a href=\"https:\/\/baghdad-academy.com\/?page_id=6497&#038;lang=tr\">Do\u011fru inanc\u0131n a\u00e7\u0131klamas\u0131 ve onunla \u00e7eli\u015fen \u015feyler<\/a><\/blockquote><iframe loading=\"lazy\" class=\"wp-embedded-content\" sandbox=\"allow-scripts\" security=\"restricted\" style=\"position: absolute; clip: rect(1px, 1px, 1px, 1px);\" title=\"&#8220;Do\u011fru inanc\u0131n a\u00e7\u0131klamas\u0131 ve onunla \u00e7eli\u015fen \u015feyler&#8221; &#8212; \u0645\u064e\u0646\u064e\u0635\u0651\u064e\u0629\u064f \u0628\u064e\u063a\u0652\u062f\u064e\u0627\u062f\u064e \u0627\u0644\u062a\u064e\u0639\u0652\u0644\u0650\u064a\u0645\u064a\u0651\u064e\u0629\u0650\" src=\"https:\/\/baghdad-academy.com\/?page_id=6497&#038;lang=tr&#038;embed=true#?secret=PPILrem01J#?secret=sl9vZKBCCT\" data-secret=\"sl9vZKBCCT\" width=\"500\" height=\"282\" frameborder=\"0\" marginwidth=\"0\" marginheight=\"0\" scrolling=\"no\"><\/iframe>\n<\/div><\/figure>\n\n\n\n\n\n\n\n<h1 class=\"wp-block-heading\">NEVEV\u0130 KIRK HAD\u0130S\u0130<\/h1>\n\n\n\n<p>\u201c\u0130slam\u0131n Temelinde ve Ahkam Kurallar\u0131nda K\u0131rk Hadis\u201d kitab\u0131n\u0131n hadisleridir; \u201cNEVEV\u0130 KIRK HAD\u0130S\u0130\u201d olarak bilinir. M\u00fcellifi \u201cEl-\u0130mam Ebu Zekeriya, Yahya bin \u015eeref El-Navavi El-\u015eafii\u201d dir. \u0130mam, haf\u0131z ve fakih Zeyn\u00fcddin, Abdurrahman \u0130bn-i Receb-i\u2019l-Hanbeli\u2019nin eklemesi de beraberindedir. &nbsp;&nbsp;<\/p>\n\n\n\n<figure class=\"wp-block-embed is-type-wp-embed\"><div class=\"wp-block-embed__wrapper\">\n<blockquote class=\"wp-embedded-content\" data-secret=\"8WG17K7Qlv\"><a href=\"https:\/\/baghdad-academy.com\/?page_id=6798&#038;lang=tr\">\u201c\u0130slam\u0131n Temelinde ve Ahkam Kurallar\u0131nda K\u0131rk Hadis\u201d \u201cNEVEV\u0130 KIRK HAD\u0130S\u0130\u201d olarak bilinir<\/a><\/blockquote><iframe loading=\"lazy\" class=\"wp-embedded-content\" sandbox=\"allow-scripts\" security=\"restricted\" style=\"position: absolute; clip: rect(1px, 1px, 1px, 1px);\" title=\"&#8220;\u201c\u0130slam\u0131n Temelinde ve Ahkam Kurallar\u0131nda K\u0131rk Hadis\u201d \u201cNEVEV\u0130 KIRK HAD\u0130S\u0130\u201d olarak bilinir&#8221; &#8212; \u0645\u064e\u0646\u064e\u0635\u0651\u064e\u0629\u064f \u0628\u064e\u063a\u0652\u062f\u064e\u0627\u062f\u064e \u0627\u0644\u062a\u064e\u0639\u0652\u0644\u0650\u064a\u0645\u064a\u0651\u064e\u0629\u0650\" src=\"https:\/\/baghdad-academy.com\/?page_id=6798&#038;lang=tr&#038;embed=true#?secret=iW6nLUgDEY#?secret=8WG17K7Qlv\" data-secret=\"8WG17K7Qlv\" width=\"500\" height=\"282\" frameborder=\"0\" marginwidth=\"0\" marginheight=\"0\" scrolling=\"no\"><\/iframe>\n<\/div><\/figure>\n\n\n\n\n\n\n","protected":false},"excerpt":{"rendered":"<div class=\"mh-excerpt\"><p>Bismillahirrahm\u00e2nirrah\u00eem (&#8220;Rabbim! \u0130lmimi artt\u0131r&#8221; de.)&nbsp;[T\u00e2h\u00e2 S\u00fbresi: 114] (De ki: &#8220;Hi\u00e7 bilenlerle bilmeyenler bir olur mu?&#8221; Ancak ak\u0131l sahipleri \u00f6\u011f\u00fct al\u0131rlar.) [Z\u00fcmer S\u00fbresi: 9] (Allah i\u00e7inizden <a class=\"mh-excerpt-more\" href=\"https:\/\/baghdad-academy.com\/?page_id=38&#038;lang=tr\" title=\"ANA SAYFA\">[&#8230;]<\/a><\/p>\n<\/div>","protected":false},"author":1,"featured_media":14,"parent":0,"menu_order":0,"comment_status":"closed","ping_status":"closed","template":"","meta":{"footnotes":""},"class_list":["post-38","page","type-page","status-publish","has-post-thumbnail","hentry"],"_links":{"self":[{"href":"https:\/\/baghdad-academy.com\/index.php?rest_route=\/wp\/v2\/pages\/38","targetHints":{"allow":["GET"]}}],"collection":[{"href":"https:\/\/baghdad-academy.com\/index.php?rest_route=\/wp\/v2\/pages"}],"about":[{"href":"https:\/\/baghdad-academy.com\/index.php?rest_route=\/wp\/v2\/types\/page"}],"author":[{"embeddable":true,"href":"https:\/\/baghdad-academy.com\/index.php?rest_route=\/wp\/v2\/users\/1"}],"replies":[{"embeddable":true,"href":"https:\/\/baghdad-academy.com\/index.php?rest_route=%2Fwp%2Fv2%2Fcomments&post=38"}],"version-history":[{"count":14,"href":"https:\/\/baghdad-academy.com\/index.php?rest_route=\/wp\/v2\/pages\/38\/revisions"}],"predecessor-version":[{"id":6844,"href":"https:\/\/baghdad-academy.com\/index.php?rest_route=\/wp\/v2\/pages\/38\/revisions\/6844"}],"wp:featuredmedia":[{"embeddable":true,"href":"https:\/\/baghdad-academy.com\/index.php?rest_route=\/wp\/v2\/media\/14"}],"wp:attachment":[{"href":"https:\/\/baghdad-academy.com\/index.php?rest_route=%2Fwp%2Fv2%2Fmedia&parent=38"}],"curies":[{"name":"wp","href":"https:\/\/api.w.org\/{rel}","templated":true}]}}